{"id":926,"date":"2020-06-17T11:40:50","date_gmt":"2020-06-17T16:40:50","guid":{"rendered":"https:\/\/actualidadambiental.pe\/tamshiyacu\/?page_id=926"},"modified":"2020-09-29T21:28:19","modified_gmt":"2020-09-30T02:28:19","slug":"cinco-cosas-que-debes-saber-sobre-este-caso-caso","status":"publish","type":"page","link":"https:\/\/actualidadambiental.pe\/tamshiyacu\/cinco-cosas-que-debes-saber-sobre-este-caso-caso\/","title":{"rendered":"CINCO COSAS QUE DEBES SABER SOBRE ESTE CASO"},"content":{"rendered":"<p><div class=\"fusion-fullwidth fullwidth-box fusion-builder-row-1 nonhundred-percent-fullwidth non-hundred-percent-height-scrolling\" style=\"background-color: rgba(255,255,255,0);background-position: center center;background-repeat: no-repeat;padding-top:0px;padding-right:0px;padding-bottom:0px;padding-left:0px;margin-bottom: 0px;margin-top: 0px;border-width: 0px 0px 0px 0px;border-color:#eae9e9;border-style:solid;\" ><div class=\"fusion-builder-row fusion-row\"><div class=\"fusion-layout-column fusion_builder_column fusion-builder-column-0 fusion_builder_column_1_1 1_1 fusion-one-full fusion-column-first fusion-column-last\" style=\"margin-top:15px;margin-bottom:15px;\"><div class=\"fusion-column-wrapper fusion-flex-column-wrapper-legacy\" style=\"background-position:left top;background-repeat:no-repeat;-webkit-background-size:cover;-moz-background-size:cover;-o-background-size:cover;background-size:cover;padding: 0px 0px 0px 0px;\"><style type=\"text\/css\"><\/style><div class=\"fusion-title title fusion-title-1 sep-underline sep-solid fusion-title-center fusion-title-text fusion-title-size-three\" style=\"border-bottom-color:#dbe2ea;margin-top:15px;margin-bottom:15px;\"><h3 class=\"title-heading-center\" style=\"margin:0;\"><b>CINCO COSAS QUE DEBES SABER SOBRE ESTE CASO<\/b><\/h3><\/div><div class=\"fusion-clearfix\"><\/div><\/div><\/div><\/div><\/div><div class=\"fusion-fullwidth fullwidth-box fusion-builder-row-2 nonhundred-percent-fullwidth non-hundred-percent-height-scrolling\" style=\"background-color: rgba(255,255,255,0);background-position: center center;background-repeat: no-repeat;padding-top:0px;padding-right:0px;padding-bottom:0px;padding-left:0px;margin-bottom: 0px;margin-top: 0px;border-width: 0px 0px 0px 0px;border-color:#eae9e9;border-style:solid;\" ><div class=\"fusion-builder-row fusion-row\"><div class=\"fusion-layout-column fusion_builder_column fusion-builder-column-1 fusion_builder_column_1_1 1_1 fusion-one-full fusion-column-first fusion-column-last\" style=\"margin-top:15px;margin-bottom:15px;\"><div class=\"fusion-column-wrapper fusion-flex-column-wrapper-legacy\" style=\"background-position:left top;background-repeat:no-repeat;-webkit-background-size:cover;-moz-background-size:cover;-o-background-size:cover;background-size:cover;padding: 0px 0px 0px 0px;\"><div class=\"fusion-text fusion-text-1\"><p><span style=\"font-weight: 400;\">El 25 de julio de 2019, Tamshiyacu se convirti\u00f3 en un emblema de la lucha por la conservaci\u00f3n de la Amazon\u00eda y el medio ambiente. Esto gracias a una sentencia hist\u00f3rica que explicaremos a continuaci\u00f3n en cinco puntos claves.<\/span><\/p>\n<\/div><div class=\"fusion-clearfix\"><\/div><\/div><\/div><\/div><\/div><div class=\"fusion-fullwidth fullwidth-box fusion-builder-row-3 nonhundred-percent-fullwidth non-hundred-percent-height-scrolling\" style=\"background-color: rgba(255,255,255,0);background-position: center center;background-repeat: no-repeat;padding-top:0px;padding-right:0px;padding-bottom:0px;padding-left:0px;margin-bottom: 0px;margin-top: 0px;border-width: 0px 0px 0px 0px;border-color:#eae9e9;border-style:solid;\" ><div class=\"fusion-builder-row fusion-row\"><div class=\"fusion-layout-column fusion_builder_column fusion-builder-column-2 fusion_builder_column_1_1 1_1 fusion-one-full fusion-column-first fusion-column-last\" style=\"margin-top:15px;margin-bottom:15px;\"><div class=\"fusion-column-wrapper fusion-flex-column-wrapper-legacy\" style=\"background-position:left top;background-repeat:no-repeat;-webkit-background-size:cover;-moz-background-size:cover;-o-background-size:cover;background-size:cover;padding: 0px 0px 0px 0px;\"><div class=\"fusion-content-boxes content-boxes columns row fusion-columns-1 fusion-columns-total-5 fusion-content-boxes-1 content-boxes-timeline-vertical content-left content-boxes-timeline-layout content-boxes-icon-with-title fusion-delayed-animation\" data-animation-delay=\"350\" data-animationOffset=\"100%\" style=\"margin-top:0px;margin-bottom:0px;\"><style type=\"text\/css\">.fusion-content-boxes-1 .heading .content-box-heading {color:#515b69;}\n\t\t\t\t\t.fusion-content-boxes-1 .fusion-content-box-hover .link-area-link-icon-hover .heading .content-box-heading,\n\t\t\t\t\t.fusion-content-boxes-1 .fusion-content-box-hover .link-area-link-icon-hover .heading .heading-link .content-box-heading,\n\t\t\t\t\t.fusion-content-boxes-1 .fusion-content-box-hover .link-area-box-hover .heading .content-box-heading,\n\t\t\t\t\t.fusion-content-boxes-1 .fusion-content-box-hover .link-area-box-hover .heading .heading-link .content-box-heading,\n\t\t\t\t\t.fusion-content-boxes-1 .fusion-content-box-hover .link-area-link-icon-hover.link-area-box .fusion-read-more,\n\t\t\t\t\t.fusion-content-boxes-1 .fusion-content-box-hover .link-area-link-icon-hover.link-area-box .fusion-read-more::after,\n\t\t\t\t\t.fusion-content-boxes-1 .fusion-content-box-hover .link-area-link-icon-hover.link-area-box .fusion-read-more::before,\n\t\t\t\t\t.fusion-content-boxes-1 .fusion-content-box-hover .fusion-read-more:hover:after,\n\t\t\t\t\t.fusion-content-boxes-1 .fusion-content-box-hover .fusion-read-more:hover:before,\n\t\t\t\t\t.fusion-content-boxes-1 .fusion-content-box-hover .fusion-read-more:hover,\n\t\t\t\t\t.fusion-content-boxes-1 .fusion-content-box-hover .link-area-box-hover.link-area-box .fusion-read-more,\n\t\t\t\t\t.fusion-content-boxes-1 .fusion-content-box-hover .link-area-box-hover.link-area-box .fusion-read-more::after,\n\t\t\t\t\t.fusion-content-boxes-1 .fusion-content-box-hover .link-area-box-hover.link-area-box .fusion-read-more::before,\n\t\t\t\t\t.fusion-content-boxes-1 .fusion-content-box-hover .link-area-link-icon-hover .icon .circle-no,\n\t\t\t\t\t.fusion-content-boxes-1 .heading .heading-link:hover .content-box-heading {\n\t\t\t\t\t\tcolor: #d6d6d6;\n\t\t\t\t\t}\n\t\t\t\t\t.fusion-content-boxes-1 .fusion-content-box-hover .link-area-box-hover .icon .circle-no {\n\t\t\t\t\t\tcolor: #d6d6d6 !important;\n\t\t\t\t\t}.fusion-content-boxes-1 .fusion-content-box-hover .link-area-box.link-area-box-hover .fusion-content-box-button {background: #35baf2;color: #ffffff;}.fusion-content-boxes-1 .fusion-content-box-hover .link-area-box.link-area-box-hover .fusion-content-box-button .fusion-button-text {color: #ffffff;}\n\t\t\t\t\t.fusion-content-boxes-1 .fusion-content-box-hover .link-area-link-icon-hover .heading .icon > span {\n\t\t\t\t\t\tbackground-color: #d6d6d6 !important;\n\t\t\t\t\t}\n\t\t\t\t\t.fusion-content-boxes-1 .fusion-content-box-hover .link-area-box-hover .heading .icon > span {\n\t\t\t\t\t\tborder-color: #d6d6d6 !important;\n\t\t\t\t\t}\n\t\t\t\t\t\t.fusion-content-boxes-1 .fusion-content-box-hover .link-area-link-icon-hover.icon-hover-animation-pulsate .fontawesome-icon:after,\n\t\t\t\t\t\t.fusion-content-boxes-1 .fusion-content-box-hover .link-area-box-hover.icon-hover-animation-pulsate .fontawesome-icon:after,\n\t\t\t\t\t\t.fusion-content-boxes-1 .fusion-content-box-hover .link-area-link-icon-hover.icon-wrapper-hover-animation-pulsate .icon span:after,\n\t\t\t\t\t\t.fusion-content-boxes-1 .fusion-content-box-hover .link-area-box-hover.icon-wrapper-hover-animation-pulsate .icon span:after {\n\t\t\t\t\t\t\t-webkit-box-shadow:0 0 0 2px rgba(255,255,255,0.1), 0 0 10px 10px #d6d6d6, 0 0 0 10px rgba(255,255,255,0.5);\n\t\t\t\t\t\t\t-moz-box-shadow:0 0 0 2px rgba(255,255,255,0.1), 0 0 10px 10px #d6d6d6, 0 0 0 10px rgba(255,255,255,0.5);\n\t\t\t\t\t\t\tbox-shadow: 0 0 0 2px rgba(255,255,255,0.1), 0 0 10px 10px #d6d6d6, 0 0 0 10px rgba(255,255,255,0.5);\n\t\t\t\t\t\t}\n\t\t\t\t\t<\/style><div class=\"fusion-column content-box-column content-box-column content-box-column-1 col-lg-12 col-md-12 col-sm-12 fusion-content-box-hover content-box-column-last-in-row\"><div class=\"col content-box-wrapper content-wrapper link-area-box content-icon-wrapper-yes icon-wrapper-hover-animation-pulsate fusion-animated\" style=\"background-color:rgba(255,255,255,0);\" data-animationType=\"fadeIn\" data-animationDuration=\"0.25\" data-animationOffset=\"100%\"><div class=\"heading heading-with-icon icon-left\" style=\"margin-top:18px;\"><div class=\"icon\" style=\"margin-top:-18px;margin-bottom:-18px;-webkit-animation-duration: 350ms;animation-duration: 350ms;\"><span style=\"height:66px;width:66px;line-height:34px;border-color:#35baf2;border-width:1px;border-style:solid;background-color:#ffffff;margin-right:20px;box-sizing:content-box;border-radius:50%;\"><i style=\"border-color:#ffffff;border-width:1px;background-color:#ffffff;box-sizing:content-box;height:64px;width:64px;line-height:64px;border-radius:50%;position:relative;top:auto;left:auto;margin:0;border-radius:50%;color:#35baf2;font-size:32px;\" aria-hidden=\"true\" class=\"fontawesome-icon fa-circle fas circle-yes\"><\/i><\/span><\/div><h2 class=\"content-box-heading\" style=\"font-size:32px;line-height:37px;\">1. A\u00f1o 2013: la poblaci\u00f3n vigilante presenta una denuncia<\/h2><\/div><div class=\"fusion-clearfix\"><\/div><div class=\"content-container\" style=\"padding-left:88px;color:#7f8795;\">\n<p><span style=\"font-weight: 400;\">En 2013, la ciudadan\u00eda de Tamshiyacu, capital del distrito de Fernando Lores, provincia de Maynas, en la regi\u00f3n Loreto, present\u00f3 una denuncia en el Ministerio P\u00fablico contra la empresa Cacao del Per\u00fa Norte SAC por la tala indiscriminada de \u00e1rboles.\u00a0<\/span><\/p>\n<p><span style=\"font-weight: 400;\">En la denuncia se aduce que la subsidiaria peruana de United Cacao Limited SEZ del grupo empresarial del ciudadano checo-estadounidense Dennis Melka, deforestaba la zona que hab\u00eda adquirido a\u00f1os atr\u00e1s, ubicada a 30 kil\u00f3metros del distrito de Tamshiyacu.<\/span><\/p>\n<p><span style=\"font-weight: 400;\">En diciembre de 2014, la Direcci\u00f3n General de Asuntos Ambientales Agrarios (DGAAA) del Ministerio de Agricultura orden\u00f3 la paralizaci\u00f3n de los trabajos de la empresa en menci\u00f3n, los que hab\u00edan iniciado en mayo de 2013.<\/span><\/p>\n<\/div><div class=\"content-box-shortcode-timeline-vertical\" style=\"border-color:#35baf2;left:49px;top:34px;-webkit-transition-duration: 350ms;animation-duration: 350ms;\"><\/div><\/div><\/div><div class=\"fusion-column content-box-column content-box-column content-box-column-2 col-lg-12 col-md-12 col-sm-12 fusion-content-box-hover content-box-column-last-in-row\"><div class=\"col content-box-wrapper content-wrapper link-area-box content-icon-wrapper-yes icon-wrapper-hover-animation-pulsate fusion-animated\" style=\"background-color:rgba(255,255,255,0);\" data-animationType=\"fadeIn\" data-animationDuration=\"0.25\" data-animationOffset=\"100%\"><div class=\"heading heading-with-icon icon-left\" style=\"margin-top:18px;\"><div class=\"icon\" style=\"margin-top:-18px;margin-bottom:-18px;-webkit-animation-duration: 350ms;animation-duration: 350ms;\"><span style=\"height:66px;width:66px;line-height:34px;border-color:#35baf2;border-width:1px;border-style:solid;background-color:#ffffff;margin-right:20px;box-sizing:content-box;border-radius:50%;\"><i style=\"border-color:#ffffff;border-width:1px;background-color:#ffffff;box-sizing:content-box;height:64px;width:64px;line-height:64px;border-radius:50%;position:relative;top:auto;left:auto;margin:0;border-radius:50%;color:#35baf2;font-size:32px;\" aria-hidden=\"true\" class=\"fontawesome-icon fa-circle fas circle-yes\"><\/i><\/span><\/div><h2 class=\"content-box-heading\" style=\"font-size:32px;line-height:37px;\">2. \u00bfCu\u00e1les fueron los delitos de la empresa?<\/h2><\/div><div class=\"fusion-clearfix\"><\/div><div class=\"content-container\" style=\"padding-left:88px;color:#7f8795;\">\n<p><span style=\"font-weight: 400;\">La empresa fue acusada por el delito contra los recursos naturales en modalidad \u201ctr\u00e1fico ilegal de productos forestales maderables (art. 310-A)\u201d y \u201cobstrucci\u00f3n de procedimientos en su tipo agravado (art. 310-B y 310-C)\u201d, como indica el C\u00f3digo Penal.<\/span><\/p>\n<p><span style=\"font-weight: 400;\">La fiscal\u00eda prob\u00f3 que 30000 pies de tablares de madera fueron extra\u00eddos del lugar y que estos fueron transformados y comercializados de forma il\u00edcita, lo que gener\u00f3 una acusaci\u00f3n por deforestaci\u00f3n y tr\u00e1fico ilegal.\u00a0<\/span><\/p>\n<p><span style=\"font-weight: 400;\">La otra acusaci\u00f3n contra la empresa se produjo ante su negativa de abrir sus puertas al momento en que personal del Ministerio P\u00fablico realizaba unas diligencias.\u00a0<\/span><\/p>\n<p><span style=\"font-weight: 400;\">Aunque parezca inveros\u00edmil, la empresa no pudo ser procesada por la extracci\u00f3n ilegal de productos forestales, gracias a una serie de recursos que le permitieron excluir este tipo penal del proceso de investigaci\u00f3n. Ello sin duda, dificult\u00f3 el trabajo del Ministerio P\u00fablico y de la Procuradur\u00eda del Ministerio del Ambiente.<\/span><\/p>\n<\/div><div class=\"content-box-shortcode-timeline-vertical\" style=\"border-color:#35baf2;left:49px;top:34px;-webkit-transition-duration: 350ms;animation-duration: 350ms;\"><\/div><\/div><\/div><div class=\"fusion-column content-box-column content-box-column content-box-column-3 col-lg-12 col-md-12 col-sm-12 fusion-content-box-hover content-box-column-last-in-row\"><div class=\"col content-box-wrapper content-wrapper link-area-box content-icon-wrapper-yes icon-wrapper-hover-animation-pulsate fusion-animated\" style=\"background-color:rgba(255,255,255,0);\" data-animationType=\"fadeIn\" data-animationDuration=\"0.25\" data-animationOffset=\"100%\"><div class=\"heading heading-with-icon icon-left\" style=\"margin-top:18px;\"><div class=\"icon\" style=\"margin-top:-18px;margin-bottom:-18px;-webkit-animation-duration: 350ms;animation-duration: 350ms;\"><span style=\"height:66px;width:66px;line-height:34px;border-color:#35baf2;border-width:1px;border-style:solid;background-color:#ffffff;margin-right:20px;box-sizing:content-box;border-radius:50%;\"><i style=\"border-color:#ffffff;border-width:1px;background-color:#ffffff;box-sizing:content-box;height:64px;width:64px;line-height:64px;border-radius:50%;position:relative;top:auto;left:auto;margin:0;border-radius:50%;color:#35baf2;font-size:32px;\" aria-hidden=\"true\" class=\"fontawesome-icon fa-circle fas circle-yes\"><\/i><\/span><\/div><h2 class=\"content-box-heading\" style=\"font-size:32px;line-height:37px;\">3. El origen de las tierras y la defensa de Cacao del Per\u00fa Norte<\/h2><\/div><div class=\"fusion-clearfix\"><\/div><div class=\"content-container\" style=\"padding-left:88px;color:#7f8795;\">\n<p><span style=\"font-weight: 400;\">Seg\u00fan indica Juan Luis Dammert Bello en su libro \u201cHacia una ecolog\u00eda pol\u00edtica de la palma aceitera del Per\u00fa\u201d, desde 2010 Cacao del Per\u00fa Norte utiliz\u00f3 una serie de intermediarios para adquirir 3000 hect\u00e1reas ubicadas en el fundo Tamshiyacu.\u00a0<\/span><\/p>\n<p><span style=\"font-weight: 400;\">En total fueron 60 propietarios los que accedieron a recibir un pago de 5 mil soles por sus predios, cada uno de 50 hect\u00e1reas, aproximadamente. Es decir, la empresa pag\u00f3 100 soles por hect\u00e1rea, lo que genera cierta controversia, indica Dammert Bello, no solo por el precio, sino por varios factores como, por ejemplo, el origen de la tierra, la cual fue otorgada a desplazados por el terrorismo, amparados en el DL N\u00b0 838 para labores agr\u00edcolas.\u00a0<\/span><\/p>\n<p><span style=\"font-weight: 400;\">Este \u00faltimo punto fue usado para que la empresa de Melka adujera que no era necesario que tramite los permisos ambientales para sus labores agropecuarias, aduciendo que los expropietarios ya realizaban estos trabajos, aunque la diferencia es que se daban en mucho menor escala y sin tipificar alg\u00fan delito.\u00a0<\/span><\/p>\n<p><span style=\"font-weight: 400;\">Pero la realidad fue otra. Fueron varias las personas que han declarado haber sido vulneradas y enga\u00f1adas por esta empresa. Por ejemplo, seg\u00fan indica <\/span><a href=\"https:\/\/amazonia.convoca.pe\/\"><span style=\"font-weight: 400;\">Convoca<\/span><\/a><span style=\"font-weight: 400;\">, Carmela Castro Najarro, de la zona de Bajo Rayal, dijo: \u201cMe manifestaron que saliera de mi chacra porque ellos iban a trabajarla. La empresa me amenaz\u00f3 con palabras soeces con que me pasar\u00eda cualquier cosa, motivo por el cual tuve que salir\u201d.<\/span><\/p>\n<p><span style=\"font-weight: 400;\">Adem\u00e1s, en<\/span><span style=\"font-weight: 400;\"> el documental \u201cPlantando Conflictos: Agronegocios y Disputas por la Tierra en la Amazon\u00eda Peruana\u201d, producido por Oxfam en Per\u00fa, Ruperto V\u00e1squez, uno de los afectados por Cacao del Per\u00fa Norte indic\u00f3 que esta empresa los \u201cbuscaba para comprar terrenos, amenazando y asustando a la gente diciendo que el Estado les va a quitar\u201d. \u201cHay mucha gente que no quer\u00eda vender al principio pero con las amenazas les han convencido, asustado y han empezado a vender\u201d, a\u00f1ade.<\/span><\/p>\n<p><span style=\"font-weight: 400;\">El Ministerio de Agricultura inform\u00f3 que la zona deforestada de Tamshiyacu estaba catalogada como tierra forestal, por lo que, seg\u00fan la ley forestal peruana, no pod\u00edan realizarse actividades agr\u00edcolas (cacao).\u00a0<\/span><\/p>\n<p><span style=\"font-weight: 400;\">Desde el inicio de operaciones, la empresa omiti\u00f3 la tramitaci\u00f3n y aprobaci\u00f3n del estudio de impacto ambiental respectivo, situaci\u00f3n que pretendi\u00f3 regularizar con un Plan de Adecuaci\u00f3n y Manejo Ambiental (PAMA), el cual fue denegado de manera definitiva por la <\/span><a href=\"https:\/\/www.minagri.gob.pe\/portal\/download\/pdf\/normas-legales\/resoluciones-viceministeriales\/2019\/rv19-2019-minagri-dvdiar.pdf\"><span style=\"font-weight: 400;\">Resoluci\u00f3n Ministerial N\u00ba019-2019-MINAGRI-DVDIAR<\/span><\/a><span style=\"font-weight: 400;\"> del 12 de agosto de 2019<\/span><\/p>\n<\/div><div class=\"content-box-shortcode-timeline-vertical\" style=\"border-color:#35baf2;left:49px;top:34px;-webkit-transition-duration: 350ms;animation-duration: 350ms;\"><\/div><\/div><\/div><div class=\"fusion-column content-box-column content-box-column content-box-column-4 col-lg-12 col-md-12 col-sm-12 fusion-content-box-hover content-box-column-last-in-row\"><div class=\"col content-box-wrapper content-wrapper link-area-box content-icon-wrapper-yes icon-wrapper-hover-animation-pulsate fusion-animated\" style=\"background-color:rgba(255,255,255,0);\" data-animationType=\"fadeIn\" data-animationDuration=\"0.25\" data-animationOffset=\"100%\"><div class=\"heading heading-with-icon icon-left\" style=\"margin-top:18px;\"><div class=\"icon\" style=\"margin-top:-18px;margin-bottom:-18px;-webkit-animation-duration: 350ms;animation-duration: 350ms;\"><span style=\"height:66px;width:66px;line-height:34px;border-color:#35baf2;border-width:1px;border-style:solid;background-color:#ffffff;margin-right:20px;box-sizing:content-box;border-radius:50%;\"><i style=\"border-color:#ffffff;border-width:1px;background-color:#ffffff;box-sizing:content-box;height:64px;width:64px;line-height:64px;border-radius:50%;position:relative;top:auto;left:auto;margin:0;border-radius:50%;color:#35baf2;font-size:32px;\" aria-hidden=\"true\" class=\"fontawesome-icon fa-circle fas circle-yes\"><\/i><\/span><\/div><h2 class=\"content-box-heading\" style=\"font-size:32px;line-height:37px;\">4. El trabajo de la fiscal\u00eda y la sentencia hist\u00f3rica<\/h2><\/div><div class=\"fusion-clearfix\"><\/div><div class=\"content-container\" style=\"padding-left:88px;color:#7f8795;\">\n<p><span style=\"font-weight: 400;\">Alberto Caraza Atoche, titular de la Fiscal\u00eda Especializada en Materia Ambiental de Loreto, fue el encargado de llevar a cabo la investigaci\u00f3n contra los integrantes de Cacao Per\u00fa Norte SAC.<\/span><\/p>\n<p><span style=\"font-weight: 400;\">El 25 de julio de 2019, Herbert Benavente Chorres, juez del Segundo Juzgado Penal Unipersonal de Maynas, orden\u00f3 una reparaci\u00f3n civil de 15 720 461.27 soles a favor del Estado y que deber\u00e1 ser pagada de manera solidaria por las personas naturales sentenciadas y por Cacao del Per\u00fa Norte S.A.C., actualmente Tamshi SAC.<\/span><\/p>\n<p><span style=\"font-weight: 400;\">Seg\u00fan el fiscal Alberto Caraza Atoche, el monto se fij\u00f3 en trabajo con un economista y se lleg\u00f3 a la conclusi\u00f3n que el \u00e1rea deforestada (<\/span><span style=\"font-weight: 400;\">1900 hect\u00e1reas)<\/span><span style=\"font-weight: 400;\">\u00a0equivale a la cifra solicitada.<\/span><\/p>\n<p><span style=\"font-weight: 400;\">El Poder Judicial tambi\u00e9n determin\u00f3 que Rub\u00e9n Antonio Espinoza, gerente general de la empresa, fuera condenado a 8 a\u00f1os de prisi\u00f3n efectiva. Ernesto Vega Delgado y Giovanni Cubas Ramirez, trabajadores de exCacao del Per\u00fa Norte, tambi\u00e9n fueron condenados a 4 a\u00f1os de pena privativa de la libertad, aunque estas fueron suspendidas.\u00a0<\/span><\/p>\n<p><span style=\"font-weight: 400;\">Actualmente, no existe fecha para la audiencia de apelaci\u00f3n para que se realice la revisi\u00f3n final de la sentencia de primera instancia y se cuente con una decisi\u00f3n definitiva sobre la responsabilidad de la empresa y sus trabajadores.\u00a0<\/span><\/p>\n<\/div><div class=\"content-box-shortcode-timeline-vertical\" style=\"border-color:#35baf2;left:49px;top:34px;-webkit-transition-duration: 350ms;animation-duration: 350ms;\"><\/div><\/div><\/div><div class=\"fusion-column content-box-column content-box-column content-box-column-5 col-lg-12 col-md-12 col-sm-12 fusion-content-box-hover content-box-column-last content-box-column-last-in-row\"><div class=\"col content-box-wrapper content-wrapper link-area-box content-icon-wrapper-yes icon-wrapper-hover-animation-pulsate fusion-animated\" style=\"background-color:rgba(255,255,255,0);\" data-animationType=\"fadeIn\" data-animationDuration=\"0.25\" data-animationOffset=\"100%\"><div class=\"heading heading-with-icon icon-left\" style=\"margin-top:18px;\"><div class=\"icon\" style=\"margin-top:-18px;margin-bottom:-18px;-webkit-animation-duration: 350ms;animation-duration: 350ms;\"><span style=\"height:66px;width:66px;line-height:34px;border-color:#35baf2;border-width:1px;border-style:solid;background-color:#ffffff;margin-right:20px;box-sizing:content-box;border-radius:50%;\"><i style=\"border-color:#ffffff;border-width:1px;background-color:#ffffff;box-sizing:content-box;height:64px;width:64px;line-height:64px;border-radius:50%;position:relative;top:auto;left:auto;margin:0;border-radius:50%;color:#35baf2;font-size:32px;\" aria-hidden=\"true\" class=\"fontawesome-icon fa-circle fas circle-yes\"><\/i><\/span><\/div><h2 class=\"content-box-heading\" style=\"font-size:32px;line-height:37px;\">5. La situaci\u00f3n del extrabajador de Cacao del Per\u00fa Norte<\/h2><\/div><div class=\"fusion-clearfix\"><\/div><div class=\"content-container\" style=\"padding-left:88px;color:#7f8795;\">\n<p><span style=\"font-weight: 400;\">Sin duda, la condena de 8 a\u00f1os de prisi\u00f3n efectiva contra Rub\u00e9n Antonio Espinoza, gerente general de la empresa, forma parte del precedente hist\u00f3rico de lo que signific\u00f3 la sentencia a favor del fundo Tamshiyacu.\u00a0<\/span><\/p>\n<p><span style=\"font-weight: 400;\">Seg\u00fan se lee en la resoluci\u00f3n del Poder Judicial, el extrabajador de Cacao del Per\u00fa Norte fue hallado culpable como autor el delito contra los recursos humanos y obstrucci\u00f3n del procedimiento agravado, il\u00edcito penal previsto.<\/span><\/p>\n<p><span style=\"font-weight: 400;\">El dictamen ordena que la autoridad policial proceda a la ubicaci\u00f3n del mismo y sea trasladado al centro penitenciario respectivo, adem\u00e1s de una multa de 2500 soles a favor del Estado.\u00a0<\/span><\/p>\n<p><span style=\"font-weight: 400;\">En la actualidad, Rub\u00e9n Antonio Espinoza se encuentra pr\u00f3fugo de la justicia en medio de conocer la nueva fecha para la \u201cvista de la causa\u201d (audiencia en que le dan 5 minutos a las partes que hayan interpuesto el recurso de apelaci\u00f3n en el cual deben sustentar los motivos por los que est\u00e1n disconformes por la sentencia.\u00a0<\/span><\/p>\n<p><span style=\"font-weight: 400;\">En una reciente conversaci\u00f3n con el fiscal Alberto Caraza Atoche, este precis\u00f3 que no existen novedades sobre el paradero de Espinoza. Debido a la coyuntura (Covid \u2013 19) tampoco se prev\u00e9 cu\u00e1ndo se conocer\u00e1 la resoluci\u00f3n de la apelaci\u00f3n presentada por Cacao del Per\u00fa Norte.<\/span><\/p>\n<\/div><div class=\"content-box-shortcode-timeline-vertical\" style=\"border-color:#35baf2;left:49px;top:34px;-webkit-transition-duration: 350ms;animation-duration: 350ms;\"><\/div><\/div><\/div><style type=\"text\/css\">\n\t\t\t\t\t\t.fusion-content-boxes-1 .fusion-content-box-hover .heading-link:hover .icon i.circle-yes,\n\t\t\t\t\t\t.fusion-content-boxes-1 .fusion-content-box-hover .link-area-box:hover .heading-link .icon i.circle-yes,\n\t\t\t\t\t\t.fusion-content-boxes-1 .fusion-content-box-hover .link-area-link-icon-hover .heading .icon i.circle-yes,\n\t\t\t\t\t\t.fusion-content-boxes-1 .fusion-content-box-hover .link-area-box-hover .heading .icon i.circle-yes {\n\t\t\t\t\t\t\tbackground-color: #d6d6d6 !important;\n\t\t\t\t\t\t\tborder-color: #d6d6d6 !important;\n\t\t\t\t\t\t}<\/style><div class=\"fusion-clearfix\"><\/div><\/div><div class=\"fusion-clearfix\"><\/div><\/div><\/div><\/div><\/div><\/p>\n","protected":false},"excerpt":{"rendered":"","protected":false},"author":1,"featured_media":0,"parent":0,"menu_order":0,"comment_status":"closed","ping_status":"closed","template":"","meta":{"spay_email":"","footnotes":""},"class_list":["post-926","page","type-page","status-publish","hentry"],"_links":{"self":[{"href":"https:\/\/actualidadambiental.pe\/tamshiyacu\/wp-json\/wp\/v2\/pages\/926","targetHints":{"allow":["GET"]}}],"collection":[{"href":"https:\/\/actualidadambiental.pe\/tamshiyacu\/wp-json\/wp\/v2\/pages"}],"about":[{"href":"https:\/\/actualidadambiental.pe\/tamshiyacu\/wp-json\/wp\/v2\/types\/page"}],"author":[{"embeddable":true,"href":"https:\/\/actualidadambiental.pe\/tamshiyacu\/wp-json\/wp\/v2\/users\/1"}],"replies":[{"embeddable":true,"href":"https:\/\/actualidadambiental.pe\/tamshiyacu\/wp-json\/wp\/v2\/comments?post=926"}],"version-history":[{"count":16,"href":"https:\/\/actualidadambiental.pe\/tamshiyacu\/wp-json\/wp\/v2\/pages\/926\/revisions"}],"predecessor-version":[{"id":5587,"href":"https:\/\/actualidadambiental.pe\/tamshiyacu\/wp-json\/wp\/v2\/pages\/926\/revisions\/5587"}],"wp:attachment":[{"href":"https:\/\/actualidadambiental.pe\/tamshiyacu\/wp-json\/wp\/v2\/media?parent=926"}],"curies":[{"name":"wp","href":"https:\/\/api.w.org\/{rel}","templated":true}]}}