{"id":5,"date":"2015-10-28T23:02:07","date_gmt":"2015-10-28T23:02:07","guid":{"rendered":"https:\/\/actualidadambiental.pe\/tamshiyacu\/?page_id=5"},"modified":"2020-08-03T16:55:06","modified_gmt":"2020-08-03T21:55:06","slug":"homepage","status":"publish","type":"page","link":"https:\/\/actualidadambiental.pe\/tamshiyacu\/","title":{"rendered":"Inicio"},"content":{"rendered":"<p><div class=\"fusion-fullwidth fullwidth-box fusion-builder-row-1 hundred-percent-fullwidth non-hundred-percent-height-scrolling\" style=\"background-color: rgba(255,255,255,0);background-position: center center;background-repeat: no-repeat;padding-top:0px;padding-right:0px;padding-bottom:0px;padding-left:0px;margin-bottom: 0px;margin-top: 0px;border-width: 0px 0px 0px 0px;border-color:#eae9e9;border-style:solid;\" ><div class=\"fusion-builder-row fusion-row\"><div class=\"fusion-layout-column fusion_builder_column fusion-builder-column-0 fusion_builder_column_1_1 1_1 fusion-one-full fusion-column-first fusion-column-last fusion-column-no-min-height\" style=\"margin-top:0px;margin-bottom:0px;\"><div class=\"fusion-column-wrapper fusion-flex-column-wrapper-legacy\" style=\"background-position:left top;background-repeat:no-repeat;-webkit-background-size:cover;-moz-background-size:cover;-o-background-size:cover;background-size:cover;padding: 0px 0px 0px 0px;\"><div class=\"fusion-menu-anchor\" id=\"overview\"><\/div><div class=\"fusion-clearfix\"><\/div><\/div><\/div><\/div><style type=\"text\/css\">.fusion-fullwidth.fusion-builder-row-1 { overflow:visible; }<\/style><\/div><div class=\"fusion-fullwidth fullwidth-box fusion-builder-row-2 nonhundred-percent-fullwidth non-hundred-percent-height-scrolling\" style=\"background-color: rgba(255,255,255,0);background-position: left top;background-repeat: no-repeat;padding-top:2%;padding-right:0px;padding-bottom:40px;padding-left:0px;margin-bottom: 0px;margin-top: 0px;border-width: 0px 0px 0px 0px;border-color:#eae9e9;border-style:solid;\" ><div class=\"fusion-builder-row fusion-row\"><div class=\"fusion-layout-column fusion_builder_column fusion-builder-column-1 fusion_builder_column_1_2 1_2 fusion-one-half fusion-column-first\" style=\"width:48%; margin-right: 4%;margin-top:14px;margin-bottom:15px;\"><div class=\"fusion-column-wrapper fusion-flex-column-wrapper-legacy\" style=\"background-position:left top;background-repeat:no-repeat;-webkit-background-size:cover;-moz-background-size:cover;-o-background-size:cover;background-size:cover;padding: 20px 20px 20px 20px;\"><style type=\"text\/css\"><\/style><div class=\"fusion-title title fusion-title-1 fusion-sep-none fusion-title-text fusion-title-size-two\" style=\"font-size:48px;margin-top:-8px;margin-bottom:15px;\"><h2 class=\"title-heading-left\" style=\"margin:0;font-size:1em;\"><span class=\"JsGRdQ\">\u00bfPor qu\u00e9 BUSCAMOS JUSTICIA?<\/span><\/h2><\/div><div class=\"fusion-text fusion-text-1\"><p>En julio del a\u00f1o 2019 sucedi\u00f3 un hecho hist\u00f3rico. Gracias a las denuncias de un grupo de ciudadanos de Tamshiyacu (Loreto) se logr\u00f3 lo que parec\u00eda imposible: que una empresa sea sancionada tras deforestar alrededor de 500 hect\u00e1reas del bosque (en la actualidad existen otros procesos de investigaci\u00f3n por otros actos similares en la localidad de Tamshiyacu, los cuales podr\u00edan sumar una deforestaci\u00f3n de hasta 3000 ha). La empresa, Cacao del Per\u00fa Norte, fue sentenciada a pagar 15 millones de soles.<\/p>\n<p>La sentencia fue apelada por la empresa. Por eso ahora, para que no se repitan m\u00e1s abusos en contra de nuestras comunidades y Amazon\u00eda, es importante que el Poder Judicial no deje en el olvido el caso.<\/p>\n<\/div><div class=\"fusion-clearfix\"><\/div><\/div><\/div><div class=\"fusion-layout-column fusion_builder_column fusion-builder-column-2 fusion_builder_column_1_2 1_2 fusion-one-half fusion-column-last\" style=\"width:48%;margin-top:14px;margin-bottom:15px;\"><div class=\"fusion-column-wrapper fusion-flex-column-wrapper-legacy\" style=\"background-position:left top;background-repeat:no-repeat;-webkit-background-size:cover;-moz-background-size:cover;-o-background-size:cover;background-size:cover;padding: 10px 10px 10px 10px;\"><div class=\"imageframe-align-center\"><span class=\" fusion-imageframe imageframe-none imageframe-1 hover-type-none fusion-animated\" data-animationType=\"fadeInUp\" data-animationDuration=\"0.7\" data-animationOffset=\"50%\"><img decoding=\"async\" width=\"800\" image_height=\"533\" image_id=\"940\" title=\"pqbuscamoskistice800\" src=\"https:\/\/actualidadambiental.pe\/tamshiyacu\/wp-content\/uploads\/2020\/06\/pqbuscamoskistice800.jpg\" class=\"img-responsive wp-image-940\" srcset=\"https:\/\/actualidadambiental.pe\/tamshiyacu\/wp-content\/uploads\/2020\/06\/pqbuscamoskistice800-200x133.jpg 200w, https:\/\/actualidadambiental.pe\/tamshiyacu\/wp-content\/uploads\/2020\/06\/pqbuscamoskistice800-400x267.jpg 400w, https:\/\/actualidadambiental.pe\/tamshiyacu\/wp-content\/uploads\/2020\/06\/pqbuscamoskistice800-600x400.jpg 600w, https:\/\/actualidadambiental.pe\/tamshiyacu\/wp-content\/uploads\/2020\/06\/pqbuscamoskistice800.jpg 800w\" sizes=\"(max-width: 800px) 100vw, 600px\" \/><\/span><\/div><div class=\"fusion-clearfix\"><\/div><\/div><\/div><\/div><\/div><div class=\"fusion-fullwidth fullwidth-box fusion-builder-row-3 hundred-percent-fullwidth non-hundred-percent-height-scrolling\" style=\"background-color: rgba(255,255,255,0);background-position: center center;background-repeat: no-repeat;padding-top:0px;padding-right:0px;padding-bottom:0px;padding-left:0px;margin-bottom: 0px;margin-top: 0px;border-width: 0px 0px 0px 0px;border-color:#eae9e9;border-style:solid;\" ><div class=\"fusion-builder-row fusion-row\"><div class=\"fusion-layout-column fusion_builder_column fusion-builder-column-3 fusion_builder_column_1_1 1_1 fusion-one-full fusion-column-first fusion-column-last fusion-column-no-min-height\" style=\"margin-top:0px;margin-bottom:0px;\"><div class=\"fusion-column-wrapper fusion-flex-column-wrapper-legacy\" style=\"background-position:left top;background-repeat:no-repeat;-webkit-background-size:cover;-moz-background-size:cover;-o-background-size:cover;background-size:cover;padding: 0px 0px 0px 0px;\"><div class=\"fusion-menu-anchor\" id=\"features\"><\/div><div class=\"fusion-clearfix\"><\/div><\/div><\/div><\/div><style type=\"text\/css\">.fusion-fullwidth.fusion-builder-row-3 { overflow:visible; }<\/style><\/div><div class=\"fusion-fullwidth fullwidth-box fusion-builder-row-4 nonhundred-percent-fullwidth non-hundred-percent-height-scrolling fusion-equal-height-columns\" style=\"background-color: rgba(255,255,255,0);background-position: left top;background-repeat: no-repeat;padding-top:0px;padding-right:0px;padding-bottom:0px;padding-left:0px;margin-bottom: 0px;margin-top: 0px;border-width: 0px 0px 0px 0px;border-color:#eae9e9;border-style:solid;\" ><div class=\"fusion-builder-row fusion-row\"><div class=\"fusion-layout-column fusion_builder_column fusion-builder-column-4 fusion_builder_column_1_2 1_2 fusion-one-half fusion-column-first fusion-column-inner-bg-wrapper fusion-column-liftup-border\" style=\"width:50%;width:calc(50% - ( ( 2PX ) * 0.5 ) );margin-right: 2PX;margin-top:0px;margin-bottom:0px;\"><div class=\"fusion-column-wrapper fusion-flex-column-wrapper-legacy\" style=\"padding: 6% 11% 6% 11%;\"><div class=\"imageframe-align-center\"><span class=\" fusion-imageframe imageframe-none imageframe-2 hover-type-none\"><img decoding=\"async\" width=\"92\" image_height=\"107\" image_id=\"878\" alt=\"5 cosas sobre el caso\" title=\"5 cosas sobre el caso\" src=\"https:\/\/actualidadambiental.pe\/tamshiyacu\/wp-content\/uploads\/2020\/06\/redes-i.jpg\" class=\"img-responsive wp-image-878\"\/><\/span><\/div><style type=\"text\/css\"><\/style><div class=\"fusion-title title fusion-title-2 fusion-sep-none fusion-title-center fusion-title-text fusion-title-size-two\" style=\"font-size:40px;margin-top:15px;margin-bottom:15px;\"><h2 class=\"title-heading-center\" style=\"margin:0;font-size:1em;color:#ffffff;\"><h3 style=\"text-align: center;\"><span class=\"JsGRdQ\">5 COSAS QUE<br \/>\nDEBES SABER<br \/>\n<\/span><span class=\"JsGRdQ\">SOBRE EL CASO<\/span><\/h3><\/h2><\/div><div class=\"fusion-clearfix\"><\/div><\/div><span class=\"fusion-column-inner-bg hover-type-liftup\"><a href=\"https:\/\/actualidadambiental.pe\/tamshiyacu\/cinco-cosas-que-debes-saber-sobre-este-caso-caso\/\"><span class=\"fusion-column-inner-bg-image\" style=\"background-color:#c7d0d8;background-position:left top;background-repeat:no-repeat;-webkit-background-size:cover;-moz-background-size:cover;-o-background-size:cover;background-size:cover;\"><\/span><\/a><\/span><\/div><div class=\"fusion-layout-column fusion_builder_column fusion-builder-column-5 fusion_builder_column_1_2 1_2 fusion-one-half fusion-column-last fusion-column-inner-bg-wrapper fusion-column-liftup-border\" style=\"width:50%;width:calc(50% - ( ( 2PX ) * 0.5 ) );margin-top:0px;margin-bottom:0px;\"><div class=\"fusion-column-wrapper fusion-flex-column-wrapper-legacy\" style=\"padding: 6% 11% 6% 11%;\"><div class=\"imageframe-align-center\"><span class=\" fusion-imageframe imageframe-none imageframe-3 hover-type-none\"><img decoding=\"async\" width=\"99\" image_height=\"99\" image_id=\"880\" alt=\"revisa publicaciones\" title=\"revisa publicaciones\" src=\"https:\/\/actualidadambiental.pe\/tamshiyacu\/wp-content\/uploads\/2020\/06\/redes-tv.jpg\" class=\"img-responsive wp-image-880\" srcset=\"https:\/\/actualidadambiental.pe\/tamshiyacu\/wp-content\/uploads\/2020\/06\/redes-tv-66x66.jpg 66w, https:\/\/actualidadambiental.pe\/tamshiyacu\/wp-content\/uploads\/2020\/06\/redes-tv.jpg 99w\" sizes=\"(max-width: 99px) 100vw, 99px\" \/><\/span><\/div><style type=\"text\/css\"><\/style><div class=\"fusion-title title fusion-title-3 fusion-sep-none fusion-title-center fusion-title-text fusion-title-size-two\" style=\"font-size:40px;margin-top:15px;margin-bottom:15px;\"><h2 class=\"title-heading-center\" style=\"margin:0;font-size:1em;color:#ffffff;\"><h3 style=\"text-align: center;\"><span class=\"JsGRdQ\">REVISA<br \/>\nPUBLICACIONES<br \/>\nSOBRE EL CASO<\/span><\/h3><\/h2><\/div><div class=\"fusion-clearfix\"><\/div><\/div><span class=\"fusion-column-inner-bg hover-type-liftup\"><a href=\"https:\/\/actualidadambiental.pe\/tamshiyacu\/publicaciones-sobre-el-caso\/\"><span class=\"fusion-column-inner-bg-image\" style=\"background-color:#c7d0d8;background-position:left top;background-repeat:no-repeat;-webkit-background-size:cover;-moz-background-size:cover;-o-background-size:cover;background-size:cover;\"><\/span><\/a><\/span><\/div><\/div><\/div><div class=\"fusion-fullwidth fullwidth-box fusion-builder-row-5 nonhundred-percent-fullwidth non-hundred-percent-height-scrolling\" style=\"background-color: rgba(255,255,255,0);background-position: center center;background-repeat: no-repeat;padding-top:0px;padding-right:0px;padding-bottom:0px;padding-left:0px;margin-bottom: 0px;margin-top: 0px;border-width: 0px 0px 0px 0px;border-color:#eae9e9;border-style:solid;\" ><div class=\"fusion-builder-row fusion-row\"><div class=\"fusion-layout-column fusion_builder_column fusion-builder-column-6 fusion_builder_column_1_1 1_1 fusion-one-full fusion-column-first fusion-column-last\" style=\"margin-top:15px;margin-bottom:15px;\"><div class=\"fusion-column-wrapper fusion-flex-column-wrapper-legacy\" style=\"background-position:left top;background-repeat:no-repeat;-webkit-background-size:cover;-moz-background-size:cover;-o-background-size:cover;background-size:cover;padding: 0px 0px 0px 0px;\"><div class=\"fusion-sep-clear\"><\/div><div class=\"fusion-separator fusion-full-width-sep\" style=\"margin-left: auto;margin-right: auto;margin-top:10px;margin-bottom:10px;width:100%;\"><\/div><div class=\"fusion-sep-clear\"><\/div><div class=\"fusion-clearfix\"><\/div><\/div><\/div><\/div><\/div><div class=\"fusion-fullwidth fullwidth-box fusion-builder-row-6 fusion-parallax-none nonhundred-percent-fullwidth non-hundred-percent-height-scrolling\" style=\"background-color: rgba(255,255,255,0);background-image: url(&quot;https:\/\/actualidadambiental.pe\/tamshiyacu\/wp-content\/uploads\/2020\/07\/Tamashiyacu_cronologia-1.jpg&quot;);background-position: center center;background-repeat: no-repeat;padding-top:25%;padding-right:0px;padding-bottom:40px;padding-left:0px;margin-bottom: 0px;margin-top: 0px;border-width: 0px 0px 0px 0px;border-color:#eae9e9;border-style:solid;-webkit-background-size:cover;-moz-background-size:cover;-o-background-size:cover;background-size:cover;\" ><div class=\"fusion-builder-row fusion-row\"><div class=\"fusion-layout-column fusion_builder_column fusion-builder-column-7 fusion_builder_column_1_1 1_1 fusion-one-full fusion-column-first fusion-column-last fusion-column-inner-bg-wrapper\" style=\"margin-top:15px;margin-bottom:15px;\"><div class=\"fusion-column-wrapper fusion-flex-column-wrapper-legacy\" style=\"padding: 30px 30px 30px 30px;\"><style type=\"text\/css\"><\/style><div class=\"fusion-title title fusion-title-4 fusion-sep-none fusion-title-text fusion-title-size-two\" style=\"font-size:50px;margin-top:15px;margin-bottom:15px;\"><h2 class=\"title-heading-left\" style=\"margin:0;font-size:1em;color:#ffffff;\"><span class=\"JsGRdQ\">CRONOLOG\u00cdA<\/span><\/h2><\/div><div class=\"fusion-menu-anchor\" id=\"noticias\"><\/div><div class=\"fusion-clearfix\"><\/div><\/div><span class=\"fusion-column-inner-bg hover-type-none\"><a href=\"https:\/\/actualidadambiental.pe\/tamshiyacu\/cronologia\/\" rel=\"noopener noreferrer\" target=\"_blank\"><span class=\"fusion-column-inner-bg-image\" style=\"background-position:left top;background-repeat:no-repeat;-webkit-background-size:cover;-moz-background-size:cover;-o-background-size:cover;background-size:cover;\"><\/span><\/a><\/span><\/div><\/div><\/div><div class=\"fusion-fullwidth fullwidth-box fusion-builder-row-7 nonhundred-percent-fullwidth non-hundred-percent-height-scrolling\" style=\"background-color: rgba(255,255,255,0);background-position: left top;background-repeat: no-repeat;padding-top:2%;padding-right:0px;padding-bottom:40px;padding-left:0px;margin-bottom: 0px;margin-top: 0px;border-width: 0px 0px 0px 0px;border-color:#eae9e9;border-style:solid;\" ><div class=\"fusion-builder-row fusion-row\"><div class=\"fusion-layout-column fusion_builder_column fusion-builder-column-8 fusion_builder_column_2_3 2_3 fusion-two-third fusion-column-first\" style=\"width:65.3333%; margin-right: 4%;margin-top:14px;margin-bottom:15px;\"><div class=\"fusion-column-wrapper fusion-flex-column-wrapper-legacy\" style=\"background-position:left top;background-repeat:no-repeat;-webkit-background-size:cover;-moz-background-size:cover;-o-background-size:cover;background-size:cover;padding: 20px 20px 20px 20px;\"><div class=\"fusion-text fusion-text-2\"><div class=\"wp-rss-template-container\" data-wpra-template=\"default\" data-template-ctx=\"W10=\">\n    <div class=\"wp-rss-aggregator wpra-list-template  \" data-page=\"1\">\n    \n    \n<ul class=\"wpra-item-list rss-aggregator wpra-item-list--bullets wpra-item-list--default\"\n    start=\"1\">\n                        <li class=\"wpra-item feed-item \">\n            \n            \n\n    <a  href=\"https:\/\/www.actualidadambiental.pe\/loreto-declaran-en-alerta-roja-al-rio-amazonas-debido-a-su-descenso\/\" target=\"_blank\" rel=\"nofollow\" class=\"\">Loreto: declaran en alerta roja al r\u00edo Amazonas debido a su descenso<\/a>\n\n\n\n\n<div class=\"wprss-feed-meta\">\n    \n            <span class=\"feed-date\">\n            Publicado el 2023-09-13\n        <\/span>\n    \n    <\/div>\n\n            \n        <\/li>\n                    <li class=\"wpra-item feed-item \">\n            \n            \n\n    <a  href=\"https:\/\/www.actualidadambiental.pe\/tamshiyacu-sala-de-loreto-no-da-respuesta-ante-recurso-que-permitira-revision-de-sentencia-a-favor-de-tamshi\/?utm_source=rss&amp;utm_medium=rss&amp;utm_campaign=tamshiyacu-sala-de-loreto-no-da-respuesta-ante-recurso-que-permitira-revision-de-sentencia-a-favor-de-tamshi\" target=\"_blank\" rel=\"nofollow\" class=\"\">Tamshiyacu: Sala no da respuesta ante recurso que permitir\u00e1 revisi\u00f3n de sentencia que favoreci\u00f3 a Tamshi<\/a>\n\n\n\n\n<div class=\"wprss-feed-meta\">\n    \n            <span class=\"feed-date\">\n            Publicado el 2021-04-27\n        <\/span>\n    \n    <\/div>\n\n            \n        <\/li>\n                    <li class=\"wpra-item feed-item \">\n            \n            \n\n    <a  href=\"https:\/\/www.actualidadambiental.pe\/suspenden-multa-de-s-129-millones-contra-tamshi-por-operar-sin-autorizacion-ambiental\/?utm_source=rss&amp;utm_medium=rss&amp;utm_campaign=suspenden-multa-de-s-129-millones-contra-tamshi-por-operar-sin-autorizacion-ambiental\" target=\"_blank\" rel=\"nofollow\" class=\"\">Suspenden multa de S\/ 129 millones contra Tamshi por operar sin autorizaci\u00f3n ambiental<\/a>\n\n\n\n\n<div class=\"wprss-feed-meta\">\n    \n            <span class=\"feed-date\">\n            Publicado el 2021-02-04\n        <\/span>\n    \n    <\/div>\n\n            \n        <\/li>\n        <\/ul>\n\n        \n<\/div>\n\n<\/div>\n\n<\/div><div class=\"fusion-clearfix\"><\/div><\/div><\/div><div class=\"fusion-layout-column fusion_builder_column fusion-builder-column-9 fusion_builder_column_1_3 1_3 fusion-one-third fusion-column-last\" style=\"width:30.6666%;margin-top:14px;margin-bottom:15px;\"><div class=\"fusion-column-wrapper fusion-flex-column-wrapper-legacy\" style=\"background-position:left top;background-repeat:no-repeat;-webkit-background-size:cover;-moz-background-size:cover;-o-background-size:cover;background-size:cover;padding: 10px 10px 10px 10px;\"><style type=\"text\/css\"><\/style><div class=\"fusion-title title fusion-title-5 fusion-sep-none fusion-title-text fusion-title-size-two\" style=\"margin-top:15px;margin-bottom:15px;\"><h2 class=\"title-heading-left\" style=\"margin:0;\"><p style=\"text-align: right;\">\u00daLTIMAS NOTICIAS<\/p><\/h2><\/div><div class=\"fusion-clearfix\"><\/div><\/div><\/div><\/div><\/div><\/p>\n","protected":false},"excerpt":{"rendered":"","protected":false},"author":1,"featured_media":0,"parent":0,"menu_order":0,"comment_status":"closed","ping_status":"closed","template":"100-width.php","meta":{"spay_email":"","footnotes":""},"class_list":["post-5","page","type-page","status-publish","hentry"],"_links":{"self":[{"href":"https:\/\/actualidadambiental.pe\/tamshiyacu\/wp-json\/wp\/v2\/pages\/5","targetHints":{"allow":["GET"]}}],"collection":[{"href":"https:\/\/actualidadambiental.pe\/tamshiyacu\/wp-json\/wp\/v2\/pages"}],"about":[{"href":"https:\/\/actualidadambiental.pe\/tamshiyacu\/wp-json\/wp\/v2\/types\/page"}],"author":[{"embeddable":true,"href":"https:\/\/actualidadambiental.pe\/tamshiyacu\/wp-json\/wp\/v2\/users\/1"}],"replies":[{"embeddable":true,"href":"https:\/\/actualidadambiental.pe\/tamshiyacu\/wp-json\/wp\/v2\/comments?post=5"}],"version-history":[{"count":62,"href":"https:\/\/actualidadambiental.pe\/tamshiyacu\/wp-json\/wp\/v2\/pages\/5\/revisions"}],"predecessor-version":[{"id":5577,"href":"https:\/\/actualidadambiental.pe\/tamshiyacu\/wp-json\/wp\/v2\/pages\/5\/revisions\/5577"}],"wp:attachment":[{"href":"https:\/\/actualidadambiental.pe\/tamshiyacu\/wp-json\/wp\/v2\/media?parent=5"}],"curies":[{"name":"wp","href":"https:\/\/api.w.org\/{rel}","templated":true}]}}